{"id":16,"date":"2017-04-26T10:40:37","date_gmt":"2017-04-26T08:40:37","guid":{"rendered":"https:\/\/villagruppen.se\/?page_id=16"},"modified":"2019-04-29T14:56:31","modified_gmt":"2019-04-29T12:56:31","slug":"startsida","status":"publish","type":"page","link":"https:\/\/villagruppen.se\/","title":{"rendered":"Start"},"content":{"rendered":"<h1><img loading=\"lazy\" decoding=\"async\" class=\"alignright size-thumbnail wp-image-617\" src=\"https:\/\/villagruppen.se\/wp-content\/uploads\/2018\/12\/GBG_Stadsmission_Julpartner_2018-150x150.jpg\" alt=\"\" width=\"150\" height=\"150\" srcset=\"https:\/\/villagruppen.se\/wp-content\/uploads\/2018\/12\/GBG_Stadsmission_Julpartner_2018-150x150.jpg 150w, https:\/\/villagruppen.se\/wp-content\/uploads\/2018\/12\/GBG_Stadsmission_Julpartner_2018-300x300.jpg 300w, https:\/\/villagruppen.se\/wp-content\/uploads\/2018\/12\/GBG_Stadsmission_Julpartner_2018-100x100.jpg 100w, https:\/\/villagruppen.se\/wp-content\/uploads\/2018\/12\/GBG_Stadsmission_Julpartner_2018.jpg 626w\" sizes=\"auto, (max-width: 150px) 100vw, 150px\" \/>Villagruppen bygger med omsorg<\/h1>\n<p>Vi \u00e4r ett byggf\u00f6retag med stor erfarenhet som vill \u00f6vertr\u00e4ffa v\u00e5ra kunders f\u00f6rv\u00e4ntningar.<\/p>\n<p>Villagruppen \u00e4r ett kvalitetsinriktat bygg- och entrepenadf\u00f6retag med m\u00e5ls\u00e4ttning att alltid leverera det vi lovat. Med stor erfarenhet och kunskap lotsar vi v\u00e5ra kunder genom hela det komplicerade arbete som ett byggprojekt ofta inneb\u00e4r.<\/p>\n<p><a href=\"http:\/\/www.sebroschyr.se\/Villagruppen\/WebView\/\" target=\"_blank\" rel=\"noopener noreferrer\">L\u00e4s v\u00e5r broschyr<\/a> och <a href=\"\/#kontakt\">Kontakta oss<\/a> redan idag f\u00f6r offert.<\/p>\n<p><img loading=\"lazy\" decoding=\"async\" class=\"alignright wp-image-95 size-full\" src=\"https:\/\/villagruppen.se\/wp-content\/uploads\/2017\/04\/certs.png\" alt=\"\" width=\"300\" height=\"50\" \/><\/p>\n","protected":false},"excerpt":{"rendered":"<p>Villagruppen bygger med omsorg Vi \u00e4r ett byggf\u00f6retag med stor erfarenhet som vill \u00f6vertr\u00e4ffa v\u00e5ra kunders f\u00f6rv\u00e4ntningar. Villagruppen \u00e4r ett kvalitetsinriktat bygg- och entrepenadf\u00f6retag med m\u00e5ls\u00e4ttning att alltid leverera det vi lovat. Med stor erfarenhet och kunskap lotsar vi v\u00e5ra kunder genom hela det komplicerade arbete som ett byggprojekt ofta inneb\u00e4r. L\u00e4s v\u00e5r broschyr och &hellip; <\/p>\n<p class=\"link-more\"><a href=\"https:\/\/villagruppen.se\/\" class=\"more-link\">Forts\u00e4tt l\u00e4sa<span class=\"screen-reader-text\"> \u201dStart\u201d<\/span><\/a><\/p>\n","protected":false},"author":1,"featured_media":0,"parent":0,"menu_order":0,"comment_status":"closed","ping_status":"closed","template":"","meta":{"footnotes":""},"class_list":["post-16","page","type-page","status-publish","hentry"],"_links":{"self":[{"href":"https:\/\/villagruppen.se\/index.php?rest_route=\/wp\/v2\/pages\/16","targetHints":{"allow":["GET"]}}],"collection":[{"href":"https:\/\/villagruppen.se\/index.php?rest_route=\/wp\/v2\/pages"}],"about":[{"href":"https:\/\/villagruppen.se\/index.php?rest_route=\/wp\/v2\/types\/page"}],"author":[{"embeddable":true,"href":"https:\/\/villagruppen.se\/index.php?rest_route=\/wp\/v2\/users\/1"}],"replies":[{"embeddable":true,"href":"https:\/\/villagruppen.se\/index.php?rest_route=%2Fwp%2Fv2%2Fcomments&post=16"}],"version-history":[{"count":0,"href":"https:\/\/villagruppen.se\/index.php?rest_route=\/wp\/v2\/pages\/16\/revisions"}],"wp:attachment":[{"href":"https:\/\/villagruppen.se\/index.php?rest_route=%2Fwp%2Fv2%2Fmedia&parent=16"}],"curies":[{"name":"wp","href":"https:\/\/api.w.org\/{rel}","templated":true}]}}